{"id":354066,"date":"2021-11-25T14:17:17","date_gmt":"2021-11-25T14:17:17","guid":{"rendered":"https:\/\/constructoresmmyg.cl\/?page_id=354066"},"modified":"2021-11-25T14:21:14","modified_gmt":"2021-11-25T14:21:14","slug":"quienes-somos","status":"publish","type":"page","link":"https:\/\/constructoresmmyg.cl\/index.php\/quienes-somos\/","title":{"rendered":"Quienes Somos"},"content":{"rendered":"<p>[et_pb_section fb_built=\u00bb1&#8243; admin_label=\u00bbHero\u00bb _builder_version=\u00bb3.22&#8243; use_background_color_gradient=\u00bbon\u00bb background_color_gradient_start=\u00bbrgba(40,40,40,0.79)\u00bb background_color_gradient_end=\u00bbrgba(40,40,40,0.86)\u00bb background_color_gradient_type=\u00bbradial\u00bb background_color_gradient_direction_radial=\u00bbtop left\u00bb background_color_gradient_overlays_image=\u00bbon\u00bb background_image=\u00bbhttps:\/\/constructoresmmyg.cl\/wp-content\/uploads\/2021\/11\/construction-21.jpg\u00bb custom_margin=\u00bb||||false\u00bb custom_padding=\u00bb5vw||5vw||true|false\u00bb global_colors_info=\u00bb{}\u00bb][et_pb_row _builder_version=\u00bb3.25&#8243; global_colors_info=\u00bb{}\u00bb column_structure=\u00bb2_3,1_3&#8243;][et_pb_column type=\u00bb2_3&#8243; _builder_version=\u00bb3.25&#8243; custom_padding=\u00bb|||\u00bb global_colors_info=\u00bb{}\u00bb custom_padding__hover=\u00bb|||\u00bb][et_pb_text _builder_version=\u00bb4.10.3&#8243; text_font=\u00bb||||||||\u00bb header_font=\u00bbRubik|700|||||||\u00bb header_font_size=\u00bb64px\u00bb header_line_height=\u00bb1.1em\u00bb background_layout=\u00bbdark\u00bb max_width=\u00bb800px\u00bb custom_margin=\u00bb||0px|\u00bb custom_padding=\u00bb|||16px\u00bb hover_enabled=\u00bb0&#8243; text_font_size_tablet=\u00bb14px\u00bb text_font_size_last_edited=\u00bboff|desktop\u00bb header_font_size_tablet=\u00bb44px\u00bb header_font_size_phone=\u00bb32px\u00bb header_font_size_last_edited=\u00bbon|phone\u00bb border_color_all=\u00bb#ffb400&#8243; border_width_left=\u00bb10px\u00bb global_colors_info=\u00bb{}\u00bb sticky_enabled=\u00bb0&#8243;]<\/p>\n<h1>Quienes Somos<\/h1>\n<p>[\/et_pb_text][et_pb_text _builder_version=\u00bb4.10.3&#8243; text_font=\u00bb||||||||\u00bb text_font_size=\u00bb22px\u00bb text_line_height=\u00bb1.6em\u00bb header_font=\u00bb||||||||\u00bb background_layout=\u00bbdark\u00bb max_width=\u00bb800px\u00bb custom_margin=\u00bb|||\u00bb custom_padding=\u00bb20px||20px||true\u00bb hover_enabled=\u00bb0&#8243; text_font_size_tablet=\u00bb18px\u00bb text_font_size_phone=\u00bb\u00bb text_font_size_last_edited=\u00bbon|phone\u00bb global_colors_info=\u00bb{}\u00bb sticky_enabled=\u00bb0&#8243;]<\/p>\n<p>Somos dos amigos que nos conocemos hace unos 5 a\u00f1os y nos reunimos para hacer un par de proyectos juntos, luego pensamos por qu\u00e9 no lo hacemos pensando en la posibilidad de crecer generando empleos y al mismo tiempo prestando servicio a las personas con la necesidad de mejorar el entorno en el que viven, ofreciendo lo mejor de nuestra disposici\u00f3n y creatividad, con un nivel m\u00e1s profesional y el respaldo de una empresa formal que se dedicara a satisfacer esa necesidad de Remodelaci\u00f3n, Cambio, Creaci\u00f3n de espacios nuevos, o tal vez empezar algo nuevo, diferente, practico en el \u00e1mbito habitacional o recreativo. As\u00ed comienza nuestra aventura de Constructores MM&amp;G SpA.\u00a0<\/p>\n<p>Somos socios de la <u>C\u00e1mara Chilena de la Construcci\u00f3n<\/u>, Contratistas y Subcontratistas.<\/p>\n<p>[\/et_pb_text][et_pb_button button_text=\u00bbVEr Nuestro Trabajo\u00bb _builder_version=\u00bb4.10.3&#8243; custom_button=\u00bbon\u00bb button_text_size=\u00bb14px\u00bb button_bg_color=\u00bb#FFE21F\u00bb button_border_width=\u00bb12px\u00bb button_border_color=\u00bb#FFE21F\u00bb button_border_radius=\u00bb0px\u00bb button_letter_spacing=\u00bb4px\u00bb button_font=\u00bbRubik|700||on|||||\u00bb button_icon=\u00bb%%3%%\u00bb background_layout=\u00bbdark\u00bb custom_margin=\u00bb|||\u00bb hover_enabled=\u00bb0&#8243; global_colors_info=\u00bb{}\u00bb button_text_size__hover_enabled=\u00bboff\u00bb button_one_text_size__hover_enabled=\u00bboff\u00bb button_two_text_size__hover_enabled=\u00bboff\u00bb button_text_color__hover_enabled=\u00bboff\u00bb button_one_text_color__hover_enabled=\u00bboff\u00bb button_two_text_color__hover_enabled=\u00bboff\u00bb button_border_width__hover_enabled=\u00bboff\u00bb button_one_border_width__hover_enabled=\u00bboff\u00bb button_two_border_width__hover_enabled=\u00bboff\u00bb button_border_color__hover_enabled=\u00bboff\u00bb button_one_border_color__hover_enabled=\u00bboff\u00bb button_two_border_color__hover_enabled=\u00bboff\u00bb button_border_radius__hover_enabled=\u00bboff\u00bb button_one_border_radius__hover_enabled=\u00bboff\u00bb button_two_border_radius__hover_enabled=\u00bboff\u00bb button_letter_spacing__hover_enabled=\u00bboff\u00bb button_one_letter_spacing__hover_enabled=\u00bboff\u00bb button_two_letter_spacing__hover_enabled=\u00bboff\u00bb button_bg_color__hover_enabled=\u00bboff\u00bb button_one_bg_color__hover_enabled=\u00bboff\u00bb button_two_bg_color__hover_enabled=\u00bboff\u00bb sticky_enabled=\u00bb0&#8243; button_bg_enable_color=\u00bbon\u00bb button_text_color=\u00bb#000000&#8243; button_url=\u00bbhttps:\/\/constructoresmmyg.cl\/index.php\/obras\/\u00bb][\/et_pb_button][\/et_pb_column][et_pb_column type=\u00bb1_3&#8243; _builder_version=\u00bb3.25&#8243; custom_padding=\u00bb|||\u00bb global_colors_info=\u00bb{}\u00bb custom_padding__hover=\u00bb|||\u00bb][et_pb_text _builder_version=\u00bb4.10.3&#8243; text_font=\u00bb||||||||\u00bb header_font=\u00bb||||||||\u00bb header_2_font=\u00bbRubik|700|||||||\u00bb header_2_text_color=\u00bb#ffb400&#8243; header_2_font_size=\u00bb32px\u00bb header_2_line_height=\u00bb1.2em\u00bb custom_margin=\u00bb|||\u00bb custom_padding=\u00bb|||\u00bb hover_enabled=\u00bb0&#8243; header_2_font_size_last_edited=\u00bboff|desktop\u00bb global_colors_info=\u00bb{}\u00bb sticky_enabled=\u00bb0&#8243;]<\/p>\n<h2>Que buscamos<\/h2>\n<p>[\/et_pb_text][et_pb_blurb title=\u00bb Nuestra Misi\u00f3n\u00bb icon_placement=\u00bbleft\u00bb content_max_width=\u00bb1100px\u00bb content_max_width_tablet=\u00bb1100px\u00bb content_max_width_last_edited=\u00bboff|desktop\u00bb _builder_version=\u00bb4.10.3&#8243; header_font=\u00bbRubik|700|||||||\u00bb header_line_height=\u00bb1.4em\u00bb body_font=\u00bb||||||||\u00bb body_font_size=\u00bb15px\u00bb body_line_height=\u00bb1.8em\u00bb background_layout=\u00bbdark\u00bb custom_margin=\u00bb|||\u00bb custom_padding=\u00bb|||\u00bb animation_style=\u00bbslide\u00bb animation_direction=\u00bbright\u00bb animation_intensity_slide=\u00bb10%\u00bb animation=\u00bboff\u00bb hover_enabled=\u00bb0&#8243; global_colors_info=\u00bb{}\u00bb use_icon=\u00bbon\u00bb font_icon=\u00bb%%166%%\u00bb sticky_enabled=\u00bb0&#8243; icon_color=\u00bb#E09900&#8243; use_icon_font_size=\u00bbon\u00bb icon_font_size=\u00bb60px\u00bb]<\/p>\n<p>Entregar un servicio de calidad y oportuno, eficaz y eficiente con profesionales especialistas en el rubro poni\u00e9ndonos a la altura de las necesidades y requerimientos de nuestros clientes teniendo un mejoramiento continuo.<\/p>\n<p>[\/et_pb_blurb][et_pb_blurb title=\u00bbNuestra Visi\u00f3n\u00bb icon_placement=\u00bbleft\u00bb content_max_width=\u00bb1100px\u00bb content_max_width_tablet=\u00bb1100px\u00bb content_max_width_last_edited=\u00bboff|desktop\u00bb _builder_version=\u00bb4.10.3&#8243; header_font=\u00bbRubik|700|||||||\u00bb header_line_height=\u00bb1.4em\u00bb body_font=\u00bb||||||||\u00bb body_font_size=\u00bb15px\u00bb body_line_height=\u00bb1.8em\u00bb background_layout=\u00bbdark\u00bb custom_margin=\u00bb|||\u00bb custom_padding=\u00bb|||\u00bb animation_style=\u00bbslide\u00bb animation_direction=\u00bbright\u00bb animation_delay=\u00bb100ms\u00bb animation_intensity_slide=\u00bb10%\u00bb animation=\u00bboff\u00bb hover_enabled=\u00bb0&#8243; global_colors_info=\u00bb{}\u00bb use_icon=\u00bbon\u00bb font_icon=\u00bb%%121%%\u00bb icon_color=\u00bb#E09900&#8243; use_icon_font_size=\u00bbon\u00bb icon_font_size=\u00bb60px\u00bb sticky_enabled=\u00bb0&#8243;]<\/p>\n<p>Proyectarnos con un crecimiento y desarrollo de tal forma que seamos una empresa rentable, confiable y segura en el mercado nacional. Formar una Empresa dedicada \u00edntegramente a satisfacer las necesidades de nuestros clientes.<\/p>\n<p>[\/et_pb_blurb][\/et_pb_column][\/et_pb_row][\/et_pb_section]<\/p>\n","protected":false},"excerpt":{"rendered":"<p>Quienes SomosSomos dos amigos que nos conocemos hace unos 5 a\u00f1os y nos reunimos para hacer un par de proyectos juntos, luego pensamos por qu\u00e9 no lo hacemos pensando en la posibilidad de crecer generando empleos y al mismo tiempo prestando servicio a las personas con la necesidad de mejorar el entorno en el que [&hellip;]<\/p>\n","protected":false},"author":1,"featured_media":0,"parent":0,"menu_order":0,"comment_status":"closed","ping_status":"closed","template":"","meta":{"_et_pb_use_builder":"on","_et_pb_old_content":"","_et_gb_content_width":"","footnotes":""},"class_list":["post-354066","page","type-page","status-publish","hentry"],"_links":{"self":[{"href":"https:\/\/constructoresmmyg.cl\/index.php\/wp-json\/wp\/v2\/pages\/354066","targetHints":{"allow":["GET"]}}],"collection":[{"href":"https:\/\/constructoresmmyg.cl\/index.php\/wp-json\/wp\/v2\/pages"}],"about":[{"href":"https:\/\/constructoresmmyg.cl\/index.php\/wp-json\/wp\/v2\/types\/page"}],"author":[{"embeddable":true,"href":"https:\/\/constructoresmmyg.cl\/index.php\/wp-json\/wp\/v2\/users\/1"}],"replies":[{"embeddable":true,"href":"https:\/\/constructoresmmyg.cl\/index.php\/wp-json\/wp\/v2\/comments?post=354066"}],"version-history":[{"count":4,"href":"https:\/\/constructoresmmyg.cl\/index.php\/wp-json\/wp\/v2\/pages\/354066\/revisions"}],"predecessor-version":[{"id":354077,"href":"https:\/\/constructoresmmyg.cl\/index.php\/wp-json\/wp\/v2\/pages\/354066\/revisions\/354077"}],"wp:attachment":[{"href":"https:\/\/constructoresmmyg.cl\/index.php\/wp-json\/wp\/v2\/media?parent=354066"}],"curies":[{"name":"wp","href":"https:\/\/api.w.org\/{rel}","templated":true}]}}